{"id":24024,"date":"2024-03-28T10:36:09","date_gmt":"2024-03-28T09:36:09","guid":{"rendered":"https:\/\/csaw.uwr.edu.pl\/?page_id=24024"},"modified":"2024-03-28T10:49:23","modified_gmt":"2024-03-28T09:49:23","slug":"home-page","status":"publish","type":"page","link":"https:\/\/csaw.uwr.edu.pl\/en\/home-page\/","title":{"rendered":"Strona G\u0142\u00f3wna"},"content":{"rendered":"\n<div class=\"bs_add_mobile_custom_menu\"><\/div>\n\n\n\n<div class=\"wp-block-columns bs-section-baner bs_add_contained_custom_menu is-layout-flex wp-block-columns-is-layout-flex\">\n<div class=\"wp-block-column bs-baner-first-column is-layout-flow wp-block-column-is-layout-flow\" style=\"flex-basis:60%\"><div class=\"n2_clear\"><ss3-force-full-width data-overflow-x=\"body\" data-horizontal-selector=\"body\"><div class=\"n2-section-smartslider fitvidsignore  n2_clear\" data-ssid=\"9\"><div id=\"n2-ss-9-align\" class=\"n2-ss-align\"><div class=\"n2-padding\"><div id=\"n2-ss-9\" data-creator=\"Smart Slider 3\" data-responsive=\"fullwidth\" class=\"n2-ss-slider n2-ow n2-has-hover n2notransition  \">\n        <div class=\"n2-ss-slider-1 n2_ss__touch_element n2-ow\">\n            <div class=\"n2-ss-slider-2 n2-ow\">\n                                                <div class=\"n2-ss-slider-3 n2-ow\">\n\n                    <div class=\"n2-ss-slide-backgrounds n2-ow-all\"><div class=\"n2-ss-slide-background\" data-public-id=\"1\" data-mode=\"fill\"><div class=\"n2-ss-slide-background-image\" data-blur=\"0\" data-opacity=\"100\" data-x=\"50\" data-y=\"50\" data-alt=\"\" data-title=\"\"><picture class=\"skip-lazy\" data-skip-lazy=\"1\"><img decoding=\"async\" src=\"\/\/csaw.uwr.edu.pl\/wp-content\/uploads\/sites\/534\/2024\/03\/Hefajstejon.jpg\" alt=\"\" title=\"\" loading=\"lazy\" class=\"skip-lazy\" data-skip-lazy=\"1\"><\/picture><\/div><div data-color=\"RGBA(255,255,255,0)\" style=\"background-color: RGBA(255,255,255,0);\" class=\"n2-ss-slide-background-color\"><\/div><\/div><\/div>                    <div class=\"n2-ss-slider-4 n2-ow\">\n                        <svg xmlns=\"http:\/\/www.w3.org\/2000\/svg\" viewBox=\"0 0 1200 600\" data-related-device=\"desktopPortrait\" class=\"n2-ow n2-ss-preserve-size n2-ss-preserve-size--slider n2-ss-slide-limiter\"><\/svg><div data-first=\"1\" data-slide-duration=\"0\" data-id=\"54\" data-slide-public-id=\"1\" data-title=\"Hefajstejon\" class=\"n2-ss-slide n2-ow  n2-ss-slide-54\"><div role=\"note\" class=\"n2-ss-slide--focus\" tabindex=\"-1\">Hefajstejon<\/div><div class=\"n2-ss-layers-container n2-ss-slide-limiter n2-ow\"><div class=\"n2-ss-layer n2-ow n-uc-LpJUKNk7bQaj\" data-sstype=\"slide\" data-pm=\"default\"><\/div><\/div><\/div>                    <\/div>\n\n                                    <\/div>\n            <\/div>\n        <\/div>\n        <\/div><ss3-loader><\/ss3-loader><\/div><\/div><div class=\"n2_clear\"><\/div><\/div><\/ss3-force-full-width><\/div>\n\n\n<figure class=\"wp-block-image alignright size-large bs-baner-strzalka\"><img loading=\"lazy\" decoding=\"async\" width=\"77\" height=\"77\" src=\"https:\/\/csaw.uwr.edu.pl\/wp-content\/uploads\/sites\/534\/\/2022\/06\/Group-609-1-3.svg\" alt=\"Strza\u0142ka w d\u00f3\u0142\" class=\"wp-image-22621\"\/><\/figure>\n\n\n\n<p><\/p>\n<\/div>\n\n\n\n<div class=\"wp-block-column is-layout-flow wp-block-column-is-layout-flow\" style=\"flex-basis:5%\"><\/div>\n\n\n\n<div class=\"wp-block-column bs-baner-second-column is-layout-flow wp-block-column-is-layout-flow\" style=\"flex-basis:40%\">\n<div style=\"height:100px\" aria-hidden=\"true\" class=\"wp-block-spacer\"><\/div>\n\n\n\n<h2 class=\"wp-block-heading\">Center for the Study of the Ancient World<\/h2>\n\n\n\n<div class=\"wp-block-columns is-layout-flex wp-block-columns-is-layout-flex\">\n<div class=\"wp-block-column odstep-prawy is-layout-flow wp-block-column-is-layout-flow\">\n<p>Center for the Study of the Ancient World is the department of the Faculty of Historical and Pedagogical Sciences of University of Wroc\u0142aw, conducting research on Antiquity, especially the history and culture of the Eastern Mediterranean and Near East<\/p>\n<\/div>\n<\/div>\n\n\n\r\n<div class=\"bs_block__container\">\r\n    <a title=\"Learn more\" class=\"button2__link\" href=\"#\">\r\n        <div class=\"button2\">\r\n            <span class=\"c-button__arrow2\">\r\n                <svg class=\"c-arrow2\" width=\"40px\" height=\"40px\" alt=\"\" viewBox=\"0 0 22 16\" version=\"1.1\">\r\n                    <g class=\"c-arrow__g2\" stroke=\"none\" strokeWidth=\"1\" fill=\"none\" fillRule=\"evenodd\">\r\n                        <g class=\"c-arrow__g2\">\r\n                            <rect id=\"c-arrow__rect2\" x=\"0\" y=\"7\" width=\"20\" height=\"2\" transform=\"scale(0,1)\" \/>\r\n                            <polygon points=\"13.4875 0 12 1.6215 18.7875 8 12 14.3795 13.4875 16 21.9995 8\" \/>\r\n                        <\/g>\r\n                    <\/g>\r\n                <\/svg>\r\n            <\/span>\r\n            <span class=\"c-button__inner2\">Learn more<\/span>\r\n        <\/div>\r\n    <\/a>\r\n<\/div>\n\n\n<figure class=\"wp-block-image alignright size-full bs-baner-badawcza\"><img loading=\"lazy\" decoding=\"async\" width=\"1024\" height=\"502\" src=\"https:\/\/csaw.uwr.edu.pl\/wp-content\/uploads\/sites\/534\/2021\/04\/213@2x-1024x502-1.webp\" alt=\"Uczelnia badawcza - banner\" class=\"wp-image-22629\" srcset=\"https:\/\/csaw.uwr.edu.pl\/wp-content\/uploads\/sites\/534\/2021\/04\/213@2x-1024x502-1.webp 1024w, https:\/\/csaw.uwr.edu.pl\/wp-content\/uploads\/sites\/534\/2021\/04\/213@2x-1024x502-1-300x147.webp 300w, https:\/\/csaw.uwr.edu.pl\/wp-content\/uploads\/sites\/534\/2021\/04\/213@2x-1024x502-1-768x377.webp 768w, https:\/\/csaw.uwr.edu.pl\/wp-content\/uploads\/sites\/534\/2021\/04\/213@2x-1024x502-1-24x12.webp 24w, https:\/\/csaw.uwr.edu.pl\/wp-content\/uploads\/sites\/534\/2021\/04\/213@2x-1024x502-1-36x18.webp 36w, https:\/\/csaw.uwr.edu.pl\/wp-content\/uploads\/sites\/534\/2021\/04\/213@2x-1024x502-1-48x24.webp 48w\" sizes=\"auto, (max-width: 1024px) 100vw, 1024px\" \/><figcaption class=\"wp-element-caption\"><a href=\"https:\/\/badawczy.uwr.edu.pl\/\" target=\"_blank\" rel=\"noreferrer noopener\"><\/a><\/figcaption><\/figure>\n<\/div>\n<\/div>\n\n\n<div id=\"NewsID\" class=\"aktualnosci-block aktualnosci-block \">\n    <h2 class=\"aktualnosci-block-naglowek aktualnosci-block-naglowek\">News<\/h2>    <div class=\"row\">\n        There is no news to display    <\/div>\n    <div class=\"box-clear\"><\/div>\n<\/div>\n\n\n<div id=\"EventsID\" class=\" wydarzenia-block wydarzenia-block \">\n            <h2 class=\"wydarzenia-block-naglowek wydarzenia-block-naglowek\">Events<\/h2>\n        There is no news to display<\/div>\n\n\n<div id=\"ogloszenia-block\" class=\"ogloszenia-block \">\r\n        <h2 class=\"ogloszenia-block-naglowek\">Announcements<\/h2>\r\n        <div class=\"row\">\r\n                <div class=\"element-ogloszenia-more\">\r\n            <div class=\"element-ogloszenia-wrap-more\">\r\n                <a href=\"\/category\/ogloszenia\/\" title=\"przejd\u017a do Announcements\">\r\n                    <div class=\"button2\">\r\n                        <span class=\"c-button__arrow2\">\r\n                            <svg class=\"c-arrow2\" width=\"40px\" height=\"40px\" viewBox=\"0 0 22 16\" version=\"1.1\" xmlns=\"http:\/\/www.w3.org\/2000\/svg\" xmlns:xlink=\"http:\/\/www.w3.org\/1999\/xlink\">\r\n                                <g class=\"c-arrow__g2\" stroke=\"none\" stroke-width=\"1\" fill=\"none\" fill-rule=\"evenodd\">\r\n                                    <g class=\"c-arrow__g2\">\r\n                                        <rect class=\"\" id=\"c-arrow__rect2\" x=\"0\" y=\"7\" width=\"20\" height=\"2\" transform=\"scale(0,1)\"><\/rect>\r\n                                        <polygon points=\"13.4875 0 12 1.6215 18.7875 8 12 14.3795 13.4875 16 21.9995 8\"><\/polygon>\r\n                                    <\/g>\r\n                                <\/g>\r\n                            <\/svg>\r\n                        <\/span>\r\n                        <span class=\"c-button__inner2\"> Show All <\/span>\r\n                    <\/div>\r\n                <\/a>\r\n            <\/div>\r\n        <\/div>\r\n    <\/div>\r\n    <div class=\"clear\"><\/div>\r\n\r\n\r\n<\/div>\n\n\n<hr class=\"wp-block-separator has-text-color has-css-opacity has-background is-style-wide bs-border-na-sztywno\" style=\"background-color:#fcbd30;color:#fcbd30\"\/>\n","protected":false},"excerpt":{"rendered":"<p>Center for the Study of the Ancient World Center for the Study of the Ancient World is the department of the Faculty of Historical and Pedagogical Sciences of University of Wroc\u0142aw, conducting research on Antiquity, especially the history and culture of the Eastern Mediterranean and Near East<\/p>\n","protected":false},"author":9177,"featured_media":0,"parent":0,"menu_order":0,"comment_status":"closed","ping_status":"closed","template":"","meta":{"_acf_changed":false,"inline_featured_image":false,"site-sidebar-layout":"no-sidebar","site-content-layout":"page-builder","ast-site-content-layout":"default","site-content-style":"default","site-sidebar-style":"default","ast-global-header-display":"","ast-banner-title-visibility":"","ast-main-header-display":"","ast-hfb-above-header-display":"","ast-hfb-below-header-display":"","ast-hfb-mobile-header-display":"","site-post-title":"disabled","ast-breadcrumbs-content":"","ast-featured-img":"","footer-sml-layout":"","ast-disable-related-posts":"","theme-transparent-header-meta":"default","adv-header-id-meta":"","stick-header-meta":"","header-above-stick-meta":"","header-main-stick-meta":"","header-below-stick-meta":"","astra-migrate-meta-layouts":"default","ast-page-background-enabled":"default","ast-page-background-meta":{"desktop":{"background-color":"","background-image":"","background-repeat":"repeat","background-position":"center center","background-size":"auto","background-attachment":"scroll","background-type":"","background-media":"","overlay-type":"","overlay-color":"","overlay-opacity":"","overlay-gradient":""},"tablet":{"background-color":"","background-image":"","background-repeat":"repeat","background-position":"center center","background-size":"auto","background-attachment":"scroll","background-type":"","background-media":"","overlay-type":"","overlay-color":"","overlay-opacity":"","overlay-gradient":""},"mobile":{"background-color":"","background-image":"","background-repeat":"repeat","background-position":"center center","background-size":"auto","background-attachment":"scroll","background-type":"","background-media":"","overlay-type":"","overlay-color":"","overlay-opacity":"","overlay-gradient":""}},"ast-content-background-meta":{"desktop":{"background-color":"var(--ast-global-color-5)","background-image":"","background-repeat":"repeat","background-position":"center center","background-size":"auto","background-attachment":"scroll","background-type":"","background-media":"","overlay-type":"","overlay-color":"","overlay-opacity":"","overlay-gradient":""},"tablet":{"background-color":"var(--ast-global-color-5)","background-image":"","background-repeat":"repeat","background-position":"center center","background-size":"auto","background-attachment":"scroll","background-type":"","background-media":"","overlay-type":"","overlay-color":"","overlay-opacity":"","overlay-gradient":""},"mobile":{"background-color":"var(--ast-global-color-5)","background-image":"","background-repeat":"repeat","background-position":"center center","background-size":"auto","background-attachment":"scroll","background-type":"","background-media":"","overlay-type":"","overlay-color":"","overlay-opacity":"","overlay-gradient":""}},"footnotes":""},"categories":[],"tags":[],"class_list":["post-24024","page","type-page","status-publish","hentry"],"featured_image_urls_v2":{"full":"","thumbnail":"","medium":"","medium_large":"","large":"","1536x1536":"","2048x2048":"","menu-24x24":"","menu-36x36":"","menu-48x48":""},"post_excerpt_stackable_v2":"<p>Hefajstejon Center for the Study of the Ancient World Center for the Study of the Ancient World is the department of the Faculty of Historical and Pedagogical Sciences of University of Wroc\u0142aw, conducting research on Antiquity, especially the history and culture of the Eastern Mediterranean and Near East Learn more News There is no news to display Events There is no news to display Announcements Show All<\/p>\n","category_list_v2":"Uncategorized","author_info_v2":{"name":"lszelag","url":"https:\/\/csaw.uwr.edu.pl\/en\/author\/lszelag\/"},"comments_num_v2":"0 comments","acf":[],"yoast_head":"<!-- This site is optimized with the Yoast SEO plugin v27.1.1 - https:\/\/yoast.com\/product\/yoast-seo-wordpress\/ -->\n<title>Strona G\u0142\u00f3wna - Centrum Bada\u0144 nad \u015awiatem Antycznym<\/title>\n<meta name=\"robots\" content=\"index, follow, max-snippet:-1, max-image-preview:large, max-video-preview:-1\" \/>\n<link rel=\"canonical\" href=\"https:\/\/csaw.uwr.edu.pl\/en\/home-page\/\" \/>\n<meta property=\"og:locale\" content=\"en_US\" \/>\n<meta property=\"og:type\" content=\"article\" \/>\n<meta property=\"og:title\" content=\"Strona G\u0142\u00f3wna - Centrum Bada\u0144 nad \u015awiatem Antycznym\" \/>\n<meta property=\"og:description\" content=\"Center for the Study of the Ancient World Center for the Study of the Ancient World is the department of the Faculty of Historical and Pedagogical Sciences of University of Wroc\u0142aw, conducting research on Antiquity, especially the history and culture of the Eastern Mediterranean and Near East\" \/>\n<meta property=\"og:url\" content=\"https:\/\/csaw.uwr.edu.pl\/en\/home-page\/\" \/>\n<meta property=\"og:site_name\" content=\"Centrum Bada\u0144 nad \u015awiatem Antycznym\" \/>\n<meta property=\"article:modified_time\" content=\"2024-03-28T09:49:23+00:00\" \/>\n<meta property=\"og:image\" content=\"https:\/\/csaw.uwr.edu.pl\/wp-content\/uploads\/sites\/534\/\/2022\/06\/Group-609-1-3.svg\" \/>\n<meta name=\"twitter:card\" content=\"summary_large_image\" \/>\n<meta name=\"twitter:label1\" content=\"Est. reading time\" \/>\n\t<meta name=\"twitter:data1\" content=\"1 minute\" \/>\n<script type=\"application\/ld+json\" class=\"yoast-schema-graph\">{\"@context\":\"https:\/\/schema.org\",\"@graph\":[{\"@type\":\"WebPage\",\"@id\":\"https:\/\/csaw.uwr.edu.pl\/en\/home-page\/\",\"url\":\"https:\/\/csaw.uwr.edu.pl\/en\/home-page\/\",\"name\":\"Strona G\u0142\u00f3wna - Centrum Bada\u0144 nad \u015awiatem Antycznym\",\"isPartOf\":{\"@id\":\"https:\/\/csaw.uwr.edu.pl\/#website\"},\"primaryImageOfPage\":{\"@id\":\"https:\/\/csaw.uwr.edu.pl\/en\/home-page\/#primaryimage\"},\"image\":{\"@id\":\"https:\/\/csaw.uwr.edu.pl\/en\/home-page\/#primaryimage\"},\"thumbnailUrl\":\"https:\/\/csaw.uwr.edu.pl\/wp-content\/uploads\/sites\/534\/\/2022\/06\/Group-609-1-3.svg\",\"datePublished\":\"2024-03-28T09:36:09+00:00\",\"dateModified\":\"2024-03-28T09:49:23+00:00\",\"breadcrumb\":{\"@id\":\"https:\/\/csaw.uwr.edu.pl\/en\/home-page\/#breadcrumb\"},\"inLanguage\":\"en-US\",\"potentialAction\":[{\"@type\":\"ReadAction\",\"target\":[\"https:\/\/csaw.uwr.edu.pl\/en\/home-page\/\"]}]},{\"@type\":\"ImageObject\",\"inLanguage\":\"en-US\",\"@id\":\"https:\/\/csaw.uwr.edu.pl\/en\/home-page\/#primaryimage\",\"url\":\"https:\/\/csaw.uwr.edu.pl\/wp-content\/uploads\/sites\/534\/\/2022\/06\/Group-609-1-3.svg\",\"contentUrl\":\"https:\/\/csaw.uwr.edu.pl\/wp-content\/uploads\/sites\/534\/\/2022\/06\/Group-609-1-3.svg\"},{\"@type\":\"BreadcrumbList\",\"@id\":\"https:\/\/csaw.uwr.edu.pl\/en\/home-page\/#breadcrumb\",\"itemListElement\":[{\"@type\":\"ListItem\",\"position\":1,\"name\":\"Strona g\u0142\u00f3wna\",\"item\":\"https:\/\/csaw.uwr.edu.pl\/en\/strona-glowna2-2\/\"},{\"@type\":\"ListItem\",\"position\":2,\"name\":\"Strona G\u0142\u00f3wna\"}]},{\"@type\":\"WebSite\",\"@id\":\"https:\/\/csaw.uwr.edu.pl\/#website\",\"url\":\"https:\/\/csaw.uwr.edu.pl\/\",\"name\":\"Centrum Bada\u0144 nad \u015awiatem Antycznym\",\"description\":\"Kolejna witryna sieci \u201eUWR Witryny\u201d\",\"publisher\":{\"@id\":\"https:\/\/csaw.uwr.edu.pl\/#organization\"},\"potentialAction\":[{\"@type\":\"SearchAction\",\"target\":{\"@type\":\"EntryPoint\",\"urlTemplate\":\"https:\/\/csaw.uwr.edu.pl\/?s={search_term_string}\"},\"query-input\":{\"@type\":\"PropertyValueSpecification\",\"valueRequired\":true,\"valueName\":\"search_term_string\"}}],\"inLanguage\":\"en-US\"},{\"@type\":\"Organization\",\"@id\":\"https:\/\/csaw.uwr.edu.pl\/#organization\",\"name\":\"Centrum Bada\u0144 nad \u015awiatem Antycznym\",\"url\":\"https:\/\/csaw.uwr.edu.pl\/\",\"logo\":{\"@type\":\"ImageObject\",\"inLanguage\":\"en-US\",\"@id\":\"https:\/\/csaw.uwr.edu.pl\/#\/schema\/logo\/image\/\",\"url\":\"https:\/\/csaw.uwr.edu.pl\/wp-content\/uploads\/sites\/534\/2025\/10\/UWr-logotyp-2025.png\",\"contentUrl\":\"https:\/\/csaw.uwr.edu.pl\/wp-content\/uploads\/sites\/534\/2025\/10\/UWr-logotyp-2025.png\",\"width\":764,\"height\":269,\"caption\":\"Centrum Bada\u0144 nad \u015awiatem Antycznym\"},\"image\":{\"@id\":\"https:\/\/csaw.uwr.edu.pl\/#\/schema\/logo\/image\/\"}}]}<\/script>\n<!-- \/ Yoast SEO plugin. -->","yoast_head_json":{"title":"Strona G\u0142\u00f3wna - Centrum Bada\u0144 nad \u015awiatem Antycznym","robots":{"index":"index","follow":"follow","max-snippet":"max-snippet:-1","max-image-preview":"max-image-preview:large","max-video-preview":"max-video-preview:-1"},"canonical":"https:\/\/csaw.uwr.edu.pl\/en\/home-page\/","og_locale":"en_US","og_type":"article","og_title":"Strona G\u0142\u00f3wna - Centrum Bada\u0144 nad \u015awiatem Antycznym","og_description":"Center for the Study of the Ancient World Center for the Study of the Ancient World is the department of the Faculty of Historical and Pedagogical Sciences of University of Wroc\u0142aw, conducting research on Antiquity, especially the history and culture of the Eastern Mediterranean and Near East","og_url":"https:\/\/csaw.uwr.edu.pl\/en\/home-page\/","og_site_name":"Centrum Bada\u0144 nad \u015awiatem Antycznym","article_modified_time":"2024-03-28T09:49:23+00:00","og_image":[{"url":"https:\/\/csaw.uwr.edu.pl\/wp-content\/uploads\/sites\/534\/\/2022\/06\/Group-609-1-3.svg","type":"","width":"","height":""}],"twitter_card":"summary_large_image","twitter_misc":{"Est. reading time":"1 minute"},"schema":{"@context":"https:\/\/schema.org","@graph":[{"@type":"WebPage","@id":"https:\/\/csaw.uwr.edu.pl\/en\/home-page\/","url":"https:\/\/csaw.uwr.edu.pl\/en\/home-page\/","name":"Strona G\u0142\u00f3wna - Centrum Bada\u0144 nad \u015awiatem Antycznym","isPartOf":{"@id":"https:\/\/csaw.uwr.edu.pl\/#website"},"primaryImageOfPage":{"@id":"https:\/\/csaw.uwr.edu.pl\/en\/home-page\/#primaryimage"},"image":{"@id":"https:\/\/csaw.uwr.edu.pl\/en\/home-page\/#primaryimage"},"thumbnailUrl":"https:\/\/csaw.uwr.edu.pl\/wp-content\/uploads\/sites\/534\/\/2022\/06\/Group-609-1-3.svg","datePublished":"2024-03-28T09:36:09+00:00","dateModified":"2024-03-28T09:49:23+00:00","breadcrumb":{"@id":"https:\/\/csaw.uwr.edu.pl\/en\/home-page\/#breadcrumb"},"inLanguage":"en-US","potentialAction":[{"@type":"ReadAction","target":["https:\/\/csaw.uwr.edu.pl\/en\/home-page\/"]}]},{"@type":"ImageObject","inLanguage":"en-US","@id":"https:\/\/csaw.uwr.edu.pl\/en\/home-page\/#primaryimage","url":"https:\/\/csaw.uwr.edu.pl\/wp-content\/uploads\/sites\/534\/\/2022\/06\/Group-609-1-3.svg","contentUrl":"https:\/\/csaw.uwr.edu.pl\/wp-content\/uploads\/sites\/534\/\/2022\/06\/Group-609-1-3.svg"},{"@type":"BreadcrumbList","@id":"https:\/\/csaw.uwr.edu.pl\/en\/home-page\/#breadcrumb","itemListElement":[{"@type":"ListItem","position":1,"name":"Strona g\u0142\u00f3wna","item":"https:\/\/csaw.uwr.edu.pl\/en\/strona-glowna2-2\/"},{"@type":"ListItem","position":2,"name":"Strona G\u0142\u00f3wna"}]},{"@type":"WebSite","@id":"https:\/\/csaw.uwr.edu.pl\/#website","url":"https:\/\/csaw.uwr.edu.pl\/","name":"Centrum Bada\u0144 nad \u015awiatem Antycznym","description":"Kolejna witryna sieci \u201eUWR Witryny\u201d","publisher":{"@id":"https:\/\/csaw.uwr.edu.pl\/#organization"},"potentialAction":[{"@type":"SearchAction","target":{"@type":"EntryPoint","urlTemplate":"https:\/\/csaw.uwr.edu.pl\/?s={search_term_string}"},"query-input":{"@type":"PropertyValueSpecification","valueRequired":true,"valueName":"search_term_string"}}],"inLanguage":"en-US"},{"@type":"Organization","@id":"https:\/\/csaw.uwr.edu.pl\/#organization","name":"Centrum Bada\u0144 nad \u015awiatem Antycznym","url":"https:\/\/csaw.uwr.edu.pl\/","logo":{"@type":"ImageObject","inLanguage":"en-US","@id":"https:\/\/csaw.uwr.edu.pl\/#\/schema\/logo\/image\/","url":"https:\/\/csaw.uwr.edu.pl\/wp-content\/uploads\/sites\/534\/2025\/10\/UWr-logotyp-2025.png","contentUrl":"https:\/\/csaw.uwr.edu.pl\/wp-content\/uploads\/sites\/534\/2025\/10\/UWr-logotyp-2025.png","width":764,"height":269,"caption":"Centrum Bada\u0144 nad \u015awiatem Antycznym"},"image":{"@id":"https:\/\/csaw.uwr.edu.pl\/#\/schema\/logo\/image\/"}}]}},"publishpress_future_action":{"enabled":false,"date":"2026-04-22 04:32:34","action":"change-status","newStatus":"draft","terms":[],"taxonomy":"category","extraData":[]},"publishpress_future_workflow_manual_trigger":{"enabledWorkflows":[]},"_links":{"self":[{"href":"https:\/\/csaw.uwr.edu.pl\/en\/wp-json\/wp\/v2\/pages\/24024\/"}],"collection":[{"href":"https:\/\/csaw.uwr.edu.pl\/en\/wp-json\/wp\/v2\/pages\/"}],"about":[{"href":"https:\/\/csaw.uwr.edu.pl\/en\/wp-json\/wp\/v2\/types\/page\/"}],"author":[{"embeddable":true,"href":"https:\/\/csaw.uwr.edu.pl\/en\/wp-json\/wp\/v2\/users\/9177\/"}],"replies":[{"embeddable":true,"href":"https:\/\/csaw.uwr.edu.pl\/en\/wp-json\/wp\/v2\/comments\/?post=24024"}],"version-history":[{"count":1,"href":"https:\/\/csaw.uwr.edu.pl\/en\/wp-json\/wp\/v2\/pages\/24024\/revisions\/"}],"predecessor-version":[{"id":24030,"href":"https:\/\/csaw.uwr.edu.pl\/en\/wp-json\/wp\/v2\/pages\/24024\/revisions\/24030\/"}],"wp:attachment":[{"href":"https:\/\/csaw.uwr.edu.pl\/en\/wp-json\/wp\/v2\/media\/?parent=24024"}],"wp:term":[{"taxonomy":"category","embeddable":true,"href":"https:\/\/csaw.uwr.edu.pl\/en\/wp-json\/wp\/v2\/categories\/?post=24024"},{"taxonomy":"post_tag","embeddable":true,"href":"https:\/\/csaw.uwr.edu.pl\/en\/wp-json\/wp\/v2\/tags\/?post=24024"}],"curies":[{"name":"wp","href":"https:\/\/api.w.org\/{rel}","templated":true}]}}